{"id":76,"date":"2016-07-08T11:21:46","date_gmt":"2016-07-08T09:21:46","guid":{"rendered":"http:\/\/www.haus-betty.de\/?page_id=76"},"modified":"2017-09-08T23:11:19","modified_gmt":"2017-09-08T21:11:19","slug":"termine","status":"publish","type":"page","link":"https:\/\/www.haus-betty.de\/index.php\/termine\/","title":{"rendered":"Termine"},"content":{"rendered":"<p>Freie Termine f\u00fcr unser Ferienhaus k\u00f6nnen sie unserem Belegungskalender entnehmen.<\/p>\n<p>Bei Fragen zu Terminen k\u00f6nnen Sie uns jederzeit unter kontakt@haus-betty.de erreichen.<\/p>\n<div id=\"smoobuApartment5900de\" class=\"calendarWidget\">\n<div class=\"calendarContent\" data-load-calendar-url=\"https:\/\/login.smoobu.com\/de\/cockpit\/widget\/single-calendar\/5900\" data-verification=\"559a0bee0ad4252d20ff777066a9106ad685ebff272cf7fd2c88b013acb4a6aa\" data-baseUrl=\"https:\/\/login.smoobu.com\" data-disable-css=\"false\" ><\/div>\n<p> <script type=\"text\/javascript\" src=\"https:\/\/login.smoobu.com\/js\/Apartment\/CalendarWidget.js\"><\/script><\/div>\n","protected":false},"excerpt":{"rendered":"<p>Freie Termine f\u00fcr unser Ferienhaus k\u00f6nnen sie unserem Belegungskalender entnehmen. Bei Fragen zu Terminen k\u00f6nnen Sie uns jederzeit unter kontakt@haus-betty.de erreichen.<\/p>\n","protected":false},"author":1,"featured_media":0,"parent":0,"menu_order":0,"comment_status":"closed","ping_status":"closed","template":"","meta":[],"_links":{"self":[{"href":"https:\/\/www.haus-betty.de\/index.php\/wp-json\/wp\/v2\/pages\/76"}],"collection":[{"href":"https:\/\/www.haus-betty.de\/index.php\/wp-json\/wp\/v2\/pages"}],"about":[{"href":"https:\/\/www.haus-betty.de\/index.php\/wp-json\/wp\/v2\/types\/page"}],"author":[{"embeddable":true,"href":"https:\/\/www.haus-betty.de\/index.php\/wp-json\/wp\/v2\/users\/1"}],"replies":[{"embeddable":true,"href":"https:\/\/www.haus-betty.de\/index.php\/wp-json\/wp\/v2\/comments?post=76"}],"version-history":[{"count":10,"href":"https:\/\/www.haus-betty.de\/index.php\/wp-json\/wp\/v2\/pages\/76\/revisions"}],"predecessor-version":[{"id":230,"href":"https:\/\/www.haus-betty.de\/index.php\/wp-json\/wp\/v2\/pages\/76\/revisions\/230"}],"wp:attachment":[{"href":"https:\/\/www.haus-betty.de\/index.php\/wp-json\/wp\/v2\/media?parent=76"}],"curies":[{"name":"wp","href":"https:\/\/api.w.org\/{rel}","templated":true}]}}