{"id":64,"date":"2016-07-08T10:58:24","date_gmt":"2016-07-08T08:58:24","guid":{"rendered":"http:\/\/www.haus-betty.de\/?page_id=64"},"modified":"2021-11-16T08:23:51","modified_gmt":"2021-11-16T07:23:51","slug":"preise","status":"publish","type":"page","link":"https:\/\/www.haus-betty.de\/index.php\/preise\/","title":{"rendered":"Preise"},"content":{"rendered":"<p>Unsere Preise f\u00fcr \u00dcbernachtungen setzen sich wie folgt zusammen:<\/p>\n<p>Preis pro Nacht bei 1-4 Personen-Belegung:<\/p>\n<ul>\n<li>100,00\u20ac \/ Nacht<\/li>\n<li>Bei Buchungen bis 4 Personen steht Ihnen nur die untere Etage, au\u00dfer Fitnessraum, zur Verf\u00fcgung!<\/li>\n<\/ul>\n<p>Preis pro Nacht bei 1-5 Personen-Belegung:<\/p>\n<ul>\n<li>120,00\u20ac \/ Nacht<\/li>\n<\/ul>\n<p>Preis pro Nacht bei 1-6 Personen-Belegung:<\/p>\n<ul>\n<li>140,00\u20ac \/ Nacht<\/li>\n<\/ul>\n<p>Weitere Personen (auf Anfrage):<\/p>\n<ul>\n<li>10,00\u20ac \/ Nacht und Person<\/li>\n<\/ul>\n<p>Folgende Leistungen sind bereits inklusive:<\/p>\n<ul>\n<li>Strom, Wasser, Heizung<\/li>\n<li>Telefon, WLAN<\/li>\n<li>Bettw\u00e4sche<\/li>\n<li>Handt\u00fccher, K\u00fcchent\u00fccher<\/li>\n<li>Endreinigung<\/li>\n<\/ul>\n<p>Zus\u00e4tzliche Leistungen (bei Buchung bitte mit angeben!):<\/p>\n<ul>\n<li>Fahrrad: 4,00\u20ac \/ Tag oder 25,00\u20ac \/ Woche<\/li>\n<li>Zweitschl\u00fcssel f\u00fcr Ferienhaus: 25,00\u20ac Pfand<\/li>\n<li>Rampe f\u00fcr Rollstuhl: kostenlos<\/li>\n<\/ul>\n<p>Vermittlung von Pflegehilfsmitteln \u00fcber Sanit\u00e4tshaus Lanscas, Papenburg:<\/p>\n<ul>\n<li>Rollstuhl (Preis auf Anfrage)<\/li>\n<li>Rollator (Preis auf Anfrage)<\/li>\n<li>Pflegebett (Preis auf Anfrage)<\/li>\n<\/ul>\n<p>Je nach Verf\u00fcgbarkeit (bitte bis sp\u00e4testens 3 Tage vor Anreise anfragen):<\/p>\n<ul>\n<li>Anreise ab 14:00 Uhr: 25,00\u20ac<\/li>\n<li>Abreise bis 12:00 Uhr: 25,00\u20ac<\/li>\n<\/ul>\n<p>Kaution<\/p>\n<ul>\n<li>Bei Anreise ist eine Kaution in H\u00f6he von 200,00\u20ac zu hinterlegen. Die Kaution wird bei Abreise erstattet sofern keine M\u00e4ngel oder Sch\u00e4den im Haus\/am Grundst\u00fcck festgestellt werden.<\/li>\n<\/ul>\n<p><strong>Wichtig: Haustiere sind nicht gestattet. Sollte dennoch ein Haustier im Haus untergebracht sein, wird eine zus\u00e4tzliche Reinigungsgeb\u00fchr in H\u00f6he von 200,00\u20ac berechnet!<\/strong><\/p>\n","protected":false},"excerpt":{"rendered":"<p>Unsere Preise f\u00fcr \u00dcbernachtungen setzen sich wie folgt zusammen: Preis pro Nacht bei 1-4 Personen-Belegung: 100,00\u20ac \/ Nacht Bei Buchungen bis 4 Personen steht Ihnen nur die untere Etage, au\u00dfer Fitnessraum, zur Verf\u00fcgung! Preis pro Nacht bei 1-5 Personen-Belegung: 120,00\u20ac \/ Nacht&#46;&#46;&#46; <a href=\"https:\/\/www.haus-betty.de\/index.php\/preise\/\" class=\"more\">(more)<\/a><\/p>\n","protected":false},"author":1,"featured_media":0,"parent":0,"menu_order":0,"comment_status":"closed","ping_status":"closed","template":"","meta":[],"_links":{"self":[{"href":"https:\/\/www.haus-betty.de\/index.php\/wp-json\/wp\/v2\/pages\/64"}],"collection":[{"href":"https:\/\/www.haus-betty.de\/index.php\/wp-json\/wp\/v2\/pages"}],"about":[{"href":"https:\/\/www.haus-betty.de\/index.php\/wp-json\/wp\/v2\/types\/page"}],"author":[{"embeddable":true,"href":"https:\/\/www.haus-betty.de\/index.php\/wp-json\/wp\/v2\/users\/1"}],"replies":[{"embeddable":true,"href":"https:\/\/www.haus-betty.de\/index.php\/wp-json\/wp\/v2\/comments?post=64"}],"version-history":[{"count":7,"href":"https:\/\/www.haus-betty.de\/index.php\/wp-json\/wp\/v2\/pages\/64\/revisions"}],"predecessor-version":[{"id":243,"href":"https:\/\/www.haus-betty.de\/index.php\/wp-json\/wp\/v2\/pages\/64\/revisions\/243"}],"wp:attachment":[{"href":"https:\/\/www.haus-betty.de\/index.php\/wp-json\/wp\/v2\/media?parent=64"}],"curies":[{"name":"wp","href":"https:\/\/api.w.org\/{rel}","templated":true}]}}