{"id":56,"date":"2016-07-08T10:48:45","date_gmt":"2016-07-08T08:48:45","guid":{"rendered":"http:\/\/www.haus-betty.de\/?page_id=56"},"modified":"2016-07-08T19:11:35","modified_gmt":"2016-07-08T17:11:35","slug":"garten-mit-sonnenterasse","status":"publish","type":"page","link":"https:\/\/www.haus-betty.de\/index.php\/garten-mit-sonnenterasse\/","title":{"rendered":"Garten mit Sonnenterasse"},"content":{"rendered":"<p>Hier finden gro\u00dfe G\u00e4ste Ruhe und Erholung, sowie unsere kleinen G\u00e4ste einige Spielger\u00e4te und viel Platz zum Spielen. Unsere Terrasse ist f\u00fcr Rollstuhlfahrer entweder \u00fcber eine kleine Rampe vom Wintergarten oder \u00fcber den Au\u00dfenbereich gut erreichbar.<\/p>\n<p>Im Blockhaus finden unsere G\u00e4ste einen Grill mit Zubeh\u00f6r, 2 Fahrr\u00e4der, 1 Kinderfahrrad, 1 Kinderfahrradsitz, 2 Sonnenliegen und vieles mehr. Je eine Sitzgruppe mit Sonnenschirm f\u00fcr unsere kleinen sowie gro\u00dfen G\u00e4ste, laden zum Verweilen im Garten ein.<\/p>\n","protected":false},"excerpt":{"rendered":"<p>Hier finden gro\u00dfe G\u00e4ste Ruhe und Erholung, sowie unsere kleinen G\u00e4ste einige Spielger\u00e4te und viel Platz zum Spielen. Unsere Terrasse ist f\u00fcr Rollstuhlfahrer entweder \u00fcber eine kleine Rampe vom Wintergarten oder \u00fcber den Au\u00dfenbereich gut erreichbar. Im Blockhaus finden unsere G\u00e4ste einen&#46;&#46;&#46; <a href=\"https:\/\/www.haus-betty.de\/index.php\/garten-mit-sonnenterasse\/\" class=\"more\">(more)<\/a><\/p>\n","protected":false},"author":1,"featured_media":0,"parent":0,"menu_order":0,"comment_status":"closed","ping_status":"closed","template":"","meta":[],"_links":{"self":[{"href":"https:\/\/www.haus-betty.de\/index.php\/wp-json\/wp\/v2\/pages\/56"}],"collection":[{"href":"https:\/\/www.haus-betty.de\/index.php\/wp-json\/wp\/v2\/pages"}],"about":[{"href":"https:\/\/www.haus-betty.de\/index.php\/wp-json\/wp\/v2\/types\/page"}],"author":[{"embeddable":true,"href":"https:\/\/www.haus-betty.de\/index.php\/wp-json\/wp\/v2\/users\/1"}],"replies":[{"embeddable":true,"href":"https:\/\/www.haus-betty.de\/index.php\/wp-json\/wp\/v2\/comments?post=56"}],"version-history":[{"count":3,"href":"https:\/\/www.haus-betty.de\/index.php\/wp-json\/wp\/v2\/pages\/56\/revisions"}],"predecessor-version":[{"id":173,"href":"https:\/\/www.haus-betty.de\/index.php\/wp-json\/wp\/v2\/pages\/56\/revisions\/173"}],"wp:attachment":[{"href":"https:\/\/www.haus-betty.de\/index.php\/wp-json\/wp\/v2\/media?parent=56"}],"curies":[{"name":"wp","href":"https:\/\/api.w.org\/{rel}","templated":true}]}}