{"id":54,"date":"2016-07-08T10:47:52","date_gmt":"2016-07-08T08:47:52","guid":{"rendered":"http:\/\/www.haus-betty.de\/?page_id=54"},"modified":"2016-07-09T09:23:24","modified_gmt":"2016-07-09T07:23:24","slug":"wintergarten","status":"publish","type":"page","link":"https:\/\/www.haus-betty.de\/index.php\/wintergarten\/","title":{"rendered":"Wintergarten"},"content":{"rendered":"<p>F\u00fcr gem\u00fctliche Abende l\u00e4dt unser Wintergarten ein, der an den Wohn- und Essbereich angrenzt und gegebenenfalls f\u00fcr Rollstuhlfahrer \u00fcber eine kleine Rampe erreichbar ist.<\/p>\n","protected":false},"excerpt":{"rendered":"<p>F\u00fcr gem\u00fctliche Abende l\u00e4dt unser Wintergarten ein, der an den Wohn- und Essbereich angrenzt und gegebenenfalls f\u00fcr Rollstuhlfahrer \u00fcber eine kleine Rampe erreichbar ist.<\/p>\n","protected":false},"author":1,"featured_media":0,"parent":0,"menu_order":0,"comment_status":"closed","ping_status":"closed","template":"","meta":[],"_links":{"self":[{"href":"https:\/\/www.haus-betty.de\/index.php\/wp-json\/wp\/v2\/pages\/54"}],"collection":[{"href":"https:\/\/www.haus-betty.de\/index.php\/wp-json\/wp\/v2\/pages"}],"about":[{"href":"https:\/\/www.haus-betty.de\/index.php\/wp-json\/wp\/v2\/types\/page"}],"author":[{"embeddable":true,"href":"https:\/\/www.haus-betty.de\/index.php\/wp-json\/wp\/v2\/users\/1"}],"replies":[{"embeddable":true,"href":"https:\/\/www.haus-betty.de\/index.php\/wp-json\/wp\/v2\/comments?post=54"}],"version-history":[{"count":2,"href":"https:\/\/www.haus-betty.de\/index.php\/wp-json\/wp\/v2\/pages\/54\/revisions"}],"predecessor-version":[{"id":124,"href":"https:\/\/www.haus-betty.de\/index.php\/wp-json\/wp\/v2\/pages\/54\/revisions\/124"}],"wp:attachment":[{"href":"https:\/\/www.haus-betty.de\/index.php\/wp-json\/wp\/v2\/media?parent=54"}],"curies":[{"name":"wp","href":"https:\/\/api.w.org\/{rel}","templated":true}]}}