{"id":52,"date":"2016-07-08T10:46:57","date_gmt":"2016-07-08T08:46:57","guid":{"rendered":"http:\/\/www.haus-betty.de\/?page_id=52"},"modified":"2016-07-08T19:03:18","modified_gmt":"2016-07-08T17:03:18","slug":"fitness-bereich-im-og","status":"publish","type":"page","link":"https:\/\/www.haus-betty.de\/index.php\/fitness-bereich-im-og\/","title":{"rendered":"Fitness-Bereich im OG"},"content":{"rendered":"<p>Damit Sie auch im Urlaub nicht auf Ihr Training verzichten m\u00fcssen, steht unser Fitnessbereich mit Crosstrainer, Trimmdichrad, Hanteln und Joga-Matte f\u00fcr unsere sportlichen G\u00e4ste ab 12 Jahre zur Verf\u00fcgung.<\/p>\n<p>Ein unverbauter Blick beim Training in die Natur Ostfrieslands gibt es gratis dazu.<\/p>\n","protected":false},"excerpt":{"rendered":"<p>Damit Sie auch im Urlaub nicht auf Ihr Training verzichten m\u00fcssen, steht unser Fitnessbereich mit Crosstrainer, Trimmdichrad, Hanteln und Joga-Matte f\u00fcr unsere sportlichen G\u00e4ste ab 12 Jahre zur Verf\u00fcgung. Ein unverbauter Blick beim Training in die Natur Ostfrieslands gibt es gratis dazu.<\/p>\n","protected":false},"author":1,"featured_media":0,"parent":0,"menu_order":0,"comment_status":"closed","ping_status":"closed","template":"","meta":[],"_links":{"self":[{"href":"https:\/\/www.haus-betty.de\/index.php\/wp-json\/wp\/v2\/pages\/52"}],"collection":[{"href":"https:\/\/www.haus-betty.de\/index.php\/wp-json\/wp\/v2\/pages"}],"about":[{"href":"https:\/\/www.haus-betty.de\/index.php\/wp-json\/wp\/v2\/types\/page"}],"author":[{"embeddable":true,"href":"https:\/\/www.haus-betty.de\/index.php\/wp-json\/wp\/v2\/users\/1"}],"replies":[{"embeddable":true,"href":"https:\/\/www.haus-betty.de\/index.php\/wp-json\/wp\/v2\/comments?post=52"}],"version-history":[{"count":2,"href":"https:\/\/www.haus-betty.de\/index.php\/wp-json\/wp\/v2\/pages\/52\/revisions"}],"predecessor-version":[{"id":180,"href":"https:\/\/www.haus-betty.de\/index.php\/wp-json\/wp\/v2\/pages\/52\/revisions\/180"}],"wp:attachment":[{"href":"https:\/\/www.haus-betty.de\/index.php\/wp-json\/wp\/v2\/media?parent=52"}],"curies":[{"name":"wp","href":"https:\/\/api.w.org\/{rel}","templated":true}]}}