{"id":47,"date":"2016-07-08T10:45:54","date_gmt":"2016-07-08T08:45:54","guid":{"rendered":"http:\/\/www.haus-betty.de\/?page_id=47"},"modified":"2021-03-11T07:59:00","modified_gmt":"2021-03-11T06:59:00","slug":"schlafzimmer-im-obergeschoss","status":"publish","type":"page","link":"https:\/\/www.haus-betty.de\/index.php\/schlafzimmer-im-obergeschoss\/","title":{"rendered":"Schlafzimmer im Obergeschoss"},"content":{"rendered":"<p>In diesem Schlafzimmer tr\u00e4umen Sie in einem Doppelbett. Auch hier befindet sich im Kleiderschrank ein Safe. Wenn gew\u00fcnscht, k\u00f6nnen hier zwei Schlafliegen zugestellt werden. Dieses Schlafzimmer ist mit Sat-TV ausgestattet.<\/p>\n","protected":false},"excerpt":{"rendered":"<p>In diesem Schlafzimmer tr\u00e4umen Sie in einem Doppelbett. Auch hier befindet sich im Kleiderschrank ein Safe. Wenn gew\u00fcnscht, k\u00f6nnen hier zwei Schlafliegen zugestellt werden. Dieses Schlafzimmer ist mit Sat-TV ausgestattet.<\/p>\n","protected":false},"author":1,"featured_media":0,"parent":0,"menu_order":0,"comment_status":"closed","ping_status":"closed","template":"","meta":[],"_links":{"self":[{"href":"https:\/\/www.haus-betty.de\/index.php\/wp-json\/wp\/v2\/pages\/47"}],"collection":[{"href":"https:\/\/www.haus-betty.de\/index.php\/wp-json\/wp\/v2\/pages"}],"about":[{"href":"https:\/\/www.haus-betty.de\/index.php\/wp-json\/wp\/v2\/types\/page"}],"author":[{"embeddable":true,"href":"https:\/\/www.haus-betty.de\/index.php\/wp-json\/wp\/v2\/users\/1"}],"replies":[{"embeddable":true,"href":"https:\/\/www.haus-betty.de\/index.php\/wp-json\/wp\/v2\/comments?post=47"}],"version-history":[{"count":2,"href":"https:\/\/www.haus-betty.de\/index.php\/wp-json\/wp\/v2\/pages\/47\/revisions"}],"predecessor-version":[{"id":129,"href":"https:\/\/www.haus-betty.de\/index.php\/wp-json\/wp\/v2\/pages\/47\/revisions\/129"}],"wp:attachment":[{"href":"https:\/\/www.haus-betty.de\/index.php\/wp-json\/wp\/v2\/media?parent=47"}],"curies":[{"name":"wp","href":"https:\/\/api.w.org\/{rel}","templated":true}]}}