{"id":42,"date":"2016-07-08T10:44:12","date_gmt":"2016-07-08T08:44:12","guid":{"rendered":"http:\/\/www.haus-betty.de\/?page_id=42"},"modified":"2016-07-08T19:03:53","modified_gmt":"2016-07-08T17:03:53","slug":"eingangsbereich","status":"publish","type":"page","link":"https:\/\/www.haus-betty.de\/index.php\/eingangsbereich\/","title":{"rendered":"Eingangsbereich"},"content":{"rendered":"<p>Der gro\u00dfz\u00fcgige Eingangsbereich bietet nicht nur Platz f\u00fcr Jacken, M\u00fctzen und Schuhe, hier kann und darf auch ein Kinderwagen oder Rollstuhl geparkt werden.<\/p>\n","protected":false},"excerpt":{"rendered":"<p>Der gro\u00dfz\u00fcgige Eingangsbereich bietet nicht nur Platz f\u00fcr Jacken, M\u00fctzen und Schuhe, hier kann und darf auch ein Kinderwagen oder Rollstuhl geparkt werden.<\/p>\n","protected":false},"author":1,"featured_media":0,"parent":0,"menu_order":0,"comment_status":"closed","ping_status":"closed","template":"","meta":[],"_links":{"self":[{"href":"https:\/\/www.haus-betty.de\/index.php\/wp-json\/wp\/v2\/pages\/42"}],"collection":[{"href":"https:\/\/www.haus-betty.de\/index.php\/wp-json\/wp\/v2\/pages"}],"about":[{"href":"https:\/\/www.haus-betty.de\/index.php\/wp-json\/wp\/v2\/types\/page"}],"author":[{"embeddable":true,"href":"https:\/\/www.haus-betty.de\/index.php\/wp-json\/wp\/v2\/users\/1"}],"replies":[{"embeddable":true,"href":"https:\/\/www.haus-betty.de\/index.php\/wp-json\/wp\/v2\/comments?post=42"}],"version-history":[{"count":2,"href":"https:\/\/www.haus-betty.de\/index.php\/wp-json\/wp\/v2\/pages\/42\/revisions"}],"predecessor-version":[{"id":181,"href":"https:\/\/www.haus-betty.de\/index.php\/wp-json\/wp\/v2\/pages\/42\/revisions\/181"}],"wp:attachment":[{"href":"https:\/\/www.haus-betty.de\/index.php\/wp-json\/wp\/v2\/media?parent=42"}],"curies":[{"name":"wp","href":"https:\/\/api.w.org\/{rel}","templated":true}]}}