{"id":38,"date":"2016-07-08T10:41:13","date_gmt":"2016-07-08T08:41:13","guid":{"rendered":"http:\/\/www.haus-betty.de\/?page_id=38"},"modified":"2016-07-08T19:36:00","modified_gmt":"2016-07-08T17:36:00","slug":"gaeste-wc","status":"publish","type":"page","link":"https:\/\/www.haus-betty.de\/index.php\/gaeste-wc\/","title":{"rendered":"G\u00e4ste-WC"},"content":{"rendered":"<p>Im Erdgeschoss befindet sich ebenfalls ein G\u00e4ste-WC. Auf Grund seiner Gr\u00f6\u00dfe ist es f\u00fcr Rollstuhlfahrer geeignet.<\/p>\n","protected":false},"excerpt":{"rendered":"<p>Im Erdgeschoss befindet sich ebenfalls ein G\u00e4ste-WC. Auf Grund seiner Gr\u00f6\u00dfe ist es f\u00fcr Rollstuhlfahrer geeignet.<\/p>\n","protected":false},"author":1,"featured_media":0,"parent":0,"menu_order":0,"comment_status":"closed","ping_status":"closed","template":"","meta":[],"_links":{"self":[{"href":"https:\/\/www.haus-betty.de\/index.php\/wp-json\/wp\/v2\/pages\/38"}],"collection":[{"href":"https:\/\/www.haus-betty.de\/index.php\/wp-json\/wp\/v2\/pages"}],"about":[{"href":"https:\/\/www.haus-betty.de\/index.php\/wp-json\/wp\/v2\/types\/page"}],"author":[{"embeddable":true,"href":"https:\/\/www.haus-betty.de\/index.php\/wp-json\/wp\/v2\/users\/1"}],"replies":[{"embeddable":true,"href":"https:\/\/www.haus-betty.de\/index.php\/wp-json\/wp\/v2\/comments?post=38"}],"version-history":[{"count":1,"href":"https:\/\/www.haus-betty.de\/index.php\/wp-json\/wp\/v2\/pages\/38\/revisions"}],"predecessor-version":[{"id":39,"href":"https:\/\/www.haus-betty.de\/index.php\/wp-json\/wp\/v2\/pages\/38\/revisions\/39"}],"wp:attachment":[{"href":"https:\/\/www.haus-betty.de\/index.php\/wp-json\/wp\/v2\/media?parent=38"}],"curies":[{"name":"wp","href":"https:\/\/api.w.org\/{rel}","templated":true}]}}