{"id":34,"date":"2016-07-08T10:38:42","date_gmt":"2016-07-08T08:38:42","guid":{"rendered":"http:\/\/www.haus-betty.de\/?page_id=34"},"modified":"2016-07-08T19:36:13","modified_gmt":"2016-07-08T17:36:13","slug":"bad-im-erdgeschoss","status":"publish","type":"page","link":"https:\/\/www.haus-betty.de\/index.php\/bad-im-erdgeschoss\/","title":{"rendered":"Bad im Erdgeschoss"},"content":{"rendered":"<p>Das Badezimmer im Erdgeschoss ist ebenerdig angelegt. In diesem Bad befindet sich eine Badewanne sowie eine Dusche, welche behindertengerecht sind. Ein separates WC und ein Waschplatz mit Spiegelschrank runden das Bad zum Relaxen ab. F\u00f6n, Personenwaage, K\u00f6rnerkissen und Verbandskasten stehen hier zur Verf\u00fcgung. Dieses Bad ist zus\u00e4tzlich mit einer Fu\u00dfbodenheizung ausgestattet.<\/p>\n","protected":false},"excerpt":{"rendered":"<p>Das Badezimmer im Erdgeschoss ist ebenerdig angelegt. In diesem Bad befindet sich eine Badewanne sowie eine Dusche, welche behindertengerecht sind. Ein separates WC und ein Waschplatz mit Spiegelschrank runden das Bad zum Relaxen ab. F\u00f6n, Personenwaage, K\u00f6rnerkissen und Verbandskasten stehen hier zur&#46;&#46;&#46; <a href=\"https:\/\/www.haus-betty.de\/index.php\/bad-im-erdgeschoss\/\" class=\"more\">(more)<\/a><\/p>\n","protected":false},"author":1,"featured_media":0,"parent":0,"menu_order":0,"comment_status":"closed","ping_status":"closed","template":"","meta":[],"_links":{"self":[{"href":"https:\/\/www.haus-betty.de\/index.php\/wp-json\/wp\/v2\/pages\/34"}],"collection":[{"href":"https:\/\/www.haus-betty.de\/index.php\/wp-json\/wp\/v2\/pages"}],"about":[{"href":"https:\/\/www.haus-betty.de\/index.php\/wp-json\/wp\/v2\/types\/page"}],"author":[{"embeddable":true,"href":"https:\/\/www.haus-betty.de\/index.php\/wp-json\/wp\/v2\/users\/1"}],"replies":[{"embeddable":true,"href":"https:\/\/www.haus-betty.de\/index.php\/wp-json\/wp\/v2\/comments?post=34"}],"version-history":[{"count":2,"href":"https:\/\/www.haus-betty.de\/index.php\/wp-json\/wp\/v2\/pages\/34\/revisions"}],"predecessor-version":[{"id":182,"href":"https:\/\/www.haus-betty.de\/index.php\/wp-json\/wp\/v2\/pages\/34\/revisions\/182"}],"wp:attachment":[{"href":"https:\/\/www.haus-betty.de\/index.php\/wp-json\/wp\/v2\/media?parent=34"}],"curies":[{"name":"wp","href":"https:\/\/api.w.org\/{rel}","templated":true}]}}