{"id":13,"date":"2016-07-08T10:09:52","date_gmt":"2016-07-08T08:09:52","guid":{"rendered":"http:\/\/www.haus-betty.de\/?page_id=13"},"modified":"2021-03-11T08:06:29","modified_gmt":"2021-03-11T07:06:29","slug":"start","status":"publish","type":"page","link":"https:\/\/www.haus-betty.de\/","title":{"rendered":"Herzlich willkommen im Haus Betty"},"content":{"rendered":"<p>Mit viel Liebe im Detail und mit Hilfe unserer Familie wurde dieses wundersch\u00f6ne Haus eingerichtet und im Mai 2016 er\u00f6ffnet. Im Juni 2016 erhielt es vom DTV seine 5 Sterne-Auszeichnung welche 2019 erneut erteilt worden ist.<\/p>\n<p>Auf gro\u00dfz\u00fcgigen 160 qm mit angrenzendem Garten zur Alleinnutzung bietet es Erholung mit hohem Komfort.<\/p>\n<p>Es bietet Platz f\u00fcr 6 Personen und kann bei Bedarf mit bis zu zwei Kinderreisebetten und zwei Schlafliegen erweitert werden.<\/p>\n<p>Durch die Gro\u00dfz\u00fcgigkeit der R\u00e4ume k\u00f6nnen auch G\u00e4ste mit Behinderungen bei uns ihren Urlaub genie\u00dfen. Alle R\u00e4ume im Erdgeschoss sind mit Rollstuhl oder \u00c4hnlichem erreichbar, f\u00fcr die kleinen Hindernisse stehen entsprechende Rampen zur Verf\u00fcgung.<\/p>\n<p>Auch Allergiker k\u00f6nnen sich in unserem tierfreien Nichtraucherhaus wohlf\u00fchlen.<\/p>\n<h4><strong>CORONA-Info:<\/strong><\/h4>\n<p>Wir m\u00f6chten unsere G\u00e4ste und uns sch\u00fctzen daher schr\u00e4nken wir den Kontakt bei An- und Abreise auf ein Minimum ein.<\/p>\n<p>In unserem Haus\u00a0 werden bei einem Beherbungsverbot alle Buchungen kostenlos storniert.<\/p>\n","protected":false},"excerpt":{"rendered":"<p>Mit viel Liebe im Detail und mit Hilfe unserer Familie wurde dieses wundersch\u00f6ne Haus eingerichtet und im Mai 2016 er\u00f6ffnet. Im Juni 2016 erhielt es vom DTV seine 5 Sterne-Auszeichnung welche 2019 erneut erteilt worden ist. Auf gro\u00dfz\u00fcgigen 160 qm mit angrenzendem&#46;&#46;&#46; <a href=\"https:\/\/www.haus-betty.de\/\" class=\"more\">(more)<\/a><\/p>\n","protected":false},"author":1,"featured_media":0,"parent":0,"menu_order":0,"comment_status":"closed","ping_status":"closed","template":"","meta":[],"_links":{"self":[{"href":"https:\/\/www.haus-betty.de\/index.php\/wp-json\/wp\/v2\/pages\/13"}],"collection":[{"href":"https:\/\/www.haus-betty.de\/index.php\/wp-json\/wp\/v2\/pages"}],"about":[{"href":"https:\/\/www.haus-betty.de\/index.php\/wp-json\/wp\/v2\/types\/page"}],"author":[{"embeddable":true,"href":"https:\/\/www.haus-betty.de\/index.php\/wp-json\/wp\/v2\/users\/1"}],"replies":[{"embeddable":true,"href":"https:\/\/www.haus-betty.de\/index.php\/wp-json\/wp\/v2\/comments?post=13"}],"version-history":[{"count":5,"href":"https:\/\/www.haus-betty.de\/index.php\/wp-json\/wp\/v2\/pages\/13\/revisions"}],"predecessor-version":[{"id":241,"href":"https:\/\/www.haus-betty.de\/index.php\/wp-json\/wp\/v2\/pages\/13\/revisions\/241"}],"wp:attachment":[{"href":"https:\/\/www.haus-betty.de\/index.php\/wp-json\/wp\/v2\/media?parent=13"}],"curies":[{"name":"wp","href":"https:\/\/api.w.org\/{rel}","templated":true}]}}